{"id":1010,"date":"2021-02-28T20:22:01","date_gmt":"2021-02-28T20:22:01","guid":{"rendered":"https:\/\/biosante.com.br\/blog\/loja"},"modified":"2021-02-28T20:22:01","modified_gmt":"2021-02-28T20:22:01","slug":"loja","status":"publish","type":"page","link":"https:\/\/biosante.com.br\/blog\/loja","title":{"rendered":"Loja"},"content":{"rendered":"<div class=\"b4b5b848d15d2f03f96bd7ab161ad70f\" data-index=\"1\" style=\"float: none; margin:0px 0 0px 0; text-align:center;\">\n<div class=\"box-experiente\">\r\n<style>\r\n.borda{background-color: transparent;background-image: radial-gradient(at center center,#b955da 0%,#50cda7 100%);border: 10px solid #25c2a4;padding: 10px;text-align:center;color:#FFFFFF;}\r\n.borda h2{font-size:1.6rem;font-weight:bold;}\r\n.borda h3{font-size:1.3rem;font-weight:normal;}\r\n.semlinha{text-decoration:none!important;}\r\n.imagem3potesborda{height:240px;}\r\n<\/style>\r\n<a  class=\"semlinha\" rel=\"nofollow\" target=\"_blank\" href=\"https:\/\/loja.biosante.com.br\/products\/avane-skin\/\">\r\n  <div class=\"borda\">\r\n<h2><span style=\"font-weight:300;\">Recomendamos o melhor col\u00e1geno de 2025:<\/span><br>Avane Skin da Biosant\u00e9<\/h2>\r\n<h3>(descontos de at\u00e9 R$ 300,00 para leitores)<\/h3>\r\n<p><img decoding=\"async\" class=\"imagem3potesborda\" src=\"https:\/\/biosante.com.br\/blog\/wp-content\/uploads\/2025\/02\/avane-skin-origins8-biosante-1.png\"><\/p>\r\n<p><img decoding=\"async\" src=\"https:\/\/biosante.com.br\/blog\/wp-content\/uploads\/2023\/08\/botao.png\"><\/p>\r\n<h2><u>\u00danico com \u00c1cido Hialur\u00f4nico via oral<\/u><\/h2>\r\n<h3>Verisol 100% Aut\u00eantico e com Laudo<\/h3>\r\n<\/div><\/a>              \r\n              <br><br><p>\r\n                Aten\u00e7\u00e3o: Restam poucos frascos! Tenha vantagem com nosso link exclusivo e ganhe at\u00e9 R$ 300,00 de desconto e parcelamento em at\u00e9 12x clicando no bot\u00e3o abaixo:\r\n              <\/p>\r\n\r\n              <a href=\"https:\/\/biosante.com.br\/products\/avane-skin\/\"><img decoding=\"async\" src=\"https:\/\/biosante.com.br\/blog\/wp-content\/uploads\/2023\/08\/comece-2-1.png\" class=\"img-fluid animated infinite swing\"><\/a>\r\n<\/div>\n<\/div>\n\n<div style=\"font-size: 0px; height: 0px; line-height: 0px; margin: 0; padding: 0; clear: both;\"><\/div>","protected":false},"excerpt":{"rendered":"","protected":false},"author":1,"featured_media":0,"parent":0,"menu_order":0,"comment_status":"closed","ping_status":"closed","template":"","meta":{"footnotes":""},"class_list":["post-1010","page","type-page","status-publish"],"aioseo_notices":[],"_links":{"self":[{"href":"https:\/\/biosante.com.br\/blog\/wp-json\/wp\/v2\/pages\/1010","targetHints":{"allow":["GET"]}}],"collection":[{"href":"https:\/\/biosante.com.br\/blog\/wp-json\/wp\/v2\/pages"}],"about":[{"href":"https:\/\/biosante.com.br\/blog\/wp-json\/wp\/v2\/types\/page"}],"author":[{"embeddable":true,"href":"https:\/\/biosante.com.br\/blog\/wp-json\/wp\/v2\/users\/1"}],"replies":[{"embeddable":true,"href":"https:\/\/biosante.com.br\/blog\/wp-json\/wp\/v2\/comments?post=1010"}],"version-history":[{"count":0,"href":"https:\/\/biosante.com.br\/blog\/wp-json\/wp\/v2\/pages\/1010\/revisions"}],"wp:attachment":[{"href":"https:\/\/biosante.com.br\/blog\/wp-json\/wp\/v2\/media?parent=1010"}],"curies":[{"name":"wp","href":"https:\/\/api.w.org\/{rel}","templated":true}]}}